{"id":661,"date":"2025-09-18T10:20:26","date_gmt":"2025-09-18T10:20:26","guid":{"rendered":"http:\/\/bush-camp.eu\/sample-page\/?page_id=661"},"modified":"2025-09-18T15:44:58","modified_gmt":"2025-09-18T15:44:58","slug":"formularz-zgloszeniowy","status":"publish","type":"page","link":"https:\/\/bush-camp.eu\/sample-page\/formularz-zgloszeniowy","title":{"rendered":"Formularz zg\u0142oszeniowy"},"content":{"rendered":"<style id=\"wpforms-css-vars-649-block-03654a03-1ea8-435b-b2a3-ba66a403794e\">\n\t\t\t\t#wpforms-649.wpforms-block-03654a03-1ea8-435b-b2a3-ba66a403794e {\n\t\t\t\t--wpforms-label-color: #ffffff;\n--wpforms-label-sublabel-color: #ffffff;\n--wpforms-field-background-color: #000000;\n--wpforms-field-text-color: #ffffff;\n--wpforms-button-background-color: #000000;\n--wpforms-field-size-input-height: 43px;\n--wpforms-field-size-input-spacing: 15px;\n--wpforms-field-size-font-size: 16px;\n--wpforms-field-size-line-height: 19px;\n--wpforms-field-size-padding-h: 14px;\n--wpforms-field-size-checkbox-size: 16px;\n--wpforms-field-size-sublabel-spacing: 5px;\n--wpforms-field-size-icon-size: 1;\n--wpforms-label-size-font-size: 16px;\n--wpforms-label-size-line-height: 19px;\n--wpforms-label-size-sublabel-font-size: 14px;\n--wpforms-label-size-sublabel-line-height: 17px;\n--wpforms-button-size-font-size: 17px;\n--wpforms-button-size-height: 41px;\n--wpforms-button-size-padding-h: 15px;\n--wpforms-button-size-margin-top: 10px;\n\t\t\t}\n\t\t\t<\/style><div class=\"wpforms-container wpforms-container-full wpforms-block wpforms-block-03654a03-1ea8-435b-b2a3-ba66a403794e wpforms-render-modern\" id=\"wpforms-649\"><form id=\"wpforms-form-649\" class=\"wpforms-validate wpforms-form wpforms-ajax-form\" data-formid=\"649\" method=\"post\" enctype=\"multipart\/form-data\" action=\"\/sample-page\/wp-json\/wp\/v2\/pages\/661\" data-token=\"3897967f5976131bee3e24f0388e637c\" data-token-time=\"1775724174\"><div class=\"wpforms-head-container\"><div class=\"wpforms-title\">Formularz zg\u0142oszeniowy<\/div><div class=\"wpforms-description\">Zosta\u0144 cz\u0142onkiem , do\u0142\u0105cz do stowarzyszenia<\/div><\/div><noscript class=\"wpforms-error-noscript\">Aby wype\u0142ni\u0107 ten formularz, w\u0142\u0105cz obs\u0142ug\u0119 JavaScript w przegl\u0105darce.<\/noscript><div id=\"wpforms-error-noscript\" style=\"display: none;\">Aby wype\u0142ni\u0107 ten formularz, w\u0142\u0105cz obs\u0142ug\u0119 JavaScript w przegl\u0105darce.<\/div><div class=\"wpforms-field-container\"><div id=\"wpforms-649-field_0-container\" class=\"wpforms-field wpforms-field-name\" data-field-id=\"0\"><label class=\"wpforms-field-label\" for=\"wpforms-649-field_0\">Imi\u0119 i nazwisko  <span class=\"wpforms-required-label\" aria-hidden=\"true\">*<\/span><\/label><input type=\"text\" id=\"wpforms-649-field_0\" class=\"wpforms-field-medium wpforms-field-required\" name=\"wpforms[fields][0]\" aria-errormessage=\"wpforms-649-field_0-error\" required><\/div><div id=\"wpforms-649-field_9-container\" class=\"wpforms-field wpforms-field-text\" data-field-id=\"9\"><label class=\"wpforms-field-label\" for=\"wpforms-649-field_9\">Data urodzenia <span class=\"wpforms-required-label\" aria-hidden=\"true\">*<\/span><\/label><input type=\"text\" id=\"wpforms-649-field_9\" class=\"wpforms-field-medium wpforms-field-required\" name=\"wpforms[fields][9]\" aria-errormessage=\"wpforms-649-field_9-error\" required><\/div><div id=\"wpforms-649-field_7-container\" class=\"wpforms-field wpforms-field-text\" data-field-id=\"7\"><label class=\"wpforms-field-label\" for=\"wpforms-649-field_7\">Adres <span class=\"wpforms-required-label\" aria-hidden=\"true\">*<\/span><\/label><input type=\"text\" id=\"wpforms-649-field_7\" class=\"wpforms-field-medium wpforms-field-required\" name=\"wpforms[fields][7]\" aria-errormessage=\"wpforms-649-field_7-error\" aria-describedby=\"wpforms-649-field_7-description\" required><div id=\"wpforms-649-field_7-description\" class=\"wpforms-field-description\">Ulica,Miejscowo\u015b\u0107 z Kodem pocztowym,Kraj<\/div><\/div>\t\t<div id=\"wpforms-649-field_2-container\"\n\t\t\tclass=\"wpforms-field wpforms-field-text\"\n\t\t\tdata-field-type=\"text\"\n\t\t\tdata-field-id=\"2\"\n\t\t\t>\n\t\t\t<label class=\"wpforms-field-label\" for=\"wpforms-649-field_2\" >O\u015bwiadczenie si\u0119 zapoznaniu<\/label>\n\t\t\t<input type=\"text\" id=\"wpforms-649-field_2\" class=\"wpforms-field-medium\" name=\"wpforms[fields][2]\" >\n\t\t<\/div>\n\t\t<div id=\"wpforms-649-field_8-container\" class=\"wpforms-field wpforms-field-checkbox\" data-field-id=\"8\"><fieldset><legend class=\"wpforms-field-label\">O\u015bwiadczenie o zapoznaniu si\u0119 ze Statutem Stowarzyszenia Bush-Camp<\/legend><ul id=\"wpforms-649-field_8\"><li class=\"choice-1 depth-1 wpforms-selected\"><input type=\"checkbox\" id=\"wpforms-649-field_8_1\" name=\"wpforms[fields][8][]\" value=\"Potwierdzam\" aria-errormessage=\"wpforms-649-field_8_1-error\"   checked='checked'><label class=\"wpforms-field-label-inline\" for=\"wpforms-649-field_8_1\">Potwierdzam<\/label><\/li><\/ul><\/fieldset><\/div><div id=\"wpforms-649-field_1-container\" class=\"wpforms-field wpforms-field-email\" data-field-id=\"1\"><label class=\"wpforms-field-label\" for=\"wpforms-649-field_1\">Email <span class=\"wpforms-required-label\" aria-hidden=\"true\">*<\/span><\/label><input type=\"email\" id=\"wpforms-649-field_1\" class=\"wpforms-field-medium wpforms-field-required\" name=\"wpforms[fields][1]\" spellcheck=\"false\" aria-errormessage=\"wpforms-649-field_1-error\" required><\/div><script>\n\t\t\t\t( function() {\n\t\t\t\t\tconst style = document.createElement( 'style' );\n\t\t\t\t\tstyle.appendChild( document.createTextNode( '#wpforms-649-field_2-container { position: absolute !important; overflow: hidden !important; display: inline !important; height: 1px !important; width: 1px !important; z-index: -1000 !important; padding: 0 !important; } #wpforms-649-field_2-container input { visibility: hidden; } #wpforms-conversational-form-page #wpforms-649-field_2-container label { counter-increment: none; }' ) );\n\t\t\t\t\tdocument.head.appendChild( style );\n\t\t\t\t\tdocument.currentScript?.remove();\n\t\t\t\t} )();\n\t\t\t<\/script><\/div><!-- .wpforms-field-container --><div class=\"wpforms-submit-container\" ><input type=\"hidden\" name=\"wpforms[id]\" value=\"649\"><input type=\"hidden\" name=\"page_title\" value=\"\"><input type=\"hidden\" name=\"page_url\" value=\"https:\/\/bush-camp.eu\/sample-page\/wp-json\/wp\/v2\/pages\/661\"><input type=\"hidden\" name=\"url_referer\" value=\"\"><button type=\"submit\" name=\"wpforms[submit]\" id=\"wpforms-submit-649\" class=\"wpforms-submit\" data-alt-text=\"Wysy\u0142anie...\" data-submit-text=\"Prze\u015blij\" aria-live=\"assertive\" value=\"wpforms-submit\">Prze\u015blij<\/button><img loading=\"lazy\" decoding=\"async\" src=\"https:\/\/bush-camp.eu\/wp-content\/plugins\/wpforms-lite\/assets\/images\/submit-spin.svg\" class=\"wpforms-submit-spinner\" style=\"display: none;\" width=\"26\" height=\"26\" alt=\"Wczytywanie\"><\/div><\/form><\/div>  <!-- .wpforms-container -->","protected":false},"excerpt":{"rendered":"","protected":false},"author":1,"featured_media":0,"parent":0,"menu_order":0,"comment_status":"closed","ping_status":"closed","template":"","meta":{"footnotes":""},"class_list":["post-661","page","type-page","status-publish","hentry","entry"],"_links":{"self":[{"href":"https:\/\/bush-camp.eu\/sample-page\/wp-json\/wp\/v2\/pages\/661","targetHints":{"allow":["GET"]}}],"collection":[{"href":"https:\/\/bush-camp.eu\/sample-page\/wp-json\/wp\/v2\/pages"}],"about":[{"href":"https:\/\/bush-camp.eu\/sample-page\/wp-json\/wp\/v2\/types\/page"}],"author":[{"embeddable":true,"href":"https:\/\/bush-camp.eu\/sample-page\/wp-json\/wp\/v2\/users\/1"}],"replies":[{"embeddable":true,"href":"https:\/\/bush-camp.eu\/sample-page\/wp-json\/wp\/v2\/comments?post=661"}],"version-history":[{"count":2,"href":"https:\/\/bush-camp.eu\/sample-page\/wp-json\/wp\/v2\/pages\/661\/revisions"}],"predecessor-version":[{"id":687,"href":"https:\/\/bush-camp.eu\/sample-page\/wp-json\/wp\/v2\/pages\/661\/revisions\/687"}],"wp:attachment":[{"href":"https:\/\/bush-camp.eu\/sample-page\/wp-json\/wp\/v2\/media?parent=661"}],"curies":[{"name":"wp","href":"https:\/\/api.w.org\/{rel}","templated":true}]}}