{"id":646,"date":"2025-09-14T10:40:50","date_gmt":"2025-09-14T10:40:50","guid":{"rendered":"http:\/\/bush-camp.eu\/sample-page\/?page_id=646"},"modified":"2025-09-14T10:40:51","modified_gmt":"2025-09-14T10:40:51","slug":"statut-stowarzyszenia","status":"publish","type":"page","link":"https:\/\/bush-camp.eu\/sample-page\/statut-stowarzyszenia","title":{"rendered":"Statut\u00a0stowarzyszenia"},"content":{"rendered":"\n<h1 class=\"wp-block-heading\"><strong>Statut Stowarzyszenia&nbsp;<\/strong><strong>BUSHCAMP<\/strong><strong><\/strong><\/h1>\n\n\n\n<hr class=\"wp-block-separator has-alpha-channel-opacity\"\/>\n\n\n\n<h2 class=\"wp-block-heading\"><strong>Rozdzia\u0142 I \u2013 Postanowienia og\u00f3lne<\/strong><strong><\/strong><\/h2>\n\n\n\n<ol class=\"wp-block-list\">\n<li>Stowarzyszenie nosi nazw\u0119\u00a0<strong>BUSHCAMP<\/strong>\u00a0i dzia\u0142a na podstawie przepis\u00f3w ustawy Prawo o stowarzyszeniach.<\/li>\n\n\n\n<li>Siedzib\u0105 Stowarzyszenia jest miejscowo\u015b\u0107\u00a0<strong>Chodkowo<\/strong>.<\/li>\n\n\n\n<li>Stowarzyszenie dzia\u0142a na terenie Rzeczypospolitej Polskiej i mo\u017ce prowadzi\u0107 dzia\u0142alno\u015b\u0107 poza jej granicami w zakresie zgodnym ze swoim statutem.<\/li>\n\n\n\n<li>Stowarzyszenie posiada osobowo\u015b\u0107 prawn\u0105.<\/li>\n\n\n\n<li>Stowarzyszenie jest stowarzyszeniem zarejestrowanym, nie nastawionym na osi\u0105ganie zysku.<\/li>\n\n\n\n<li>Celem Stowarzyszenia jest:<\/li>\n<\/ol>\n\n\n\n<p>-propagowanie \u017cycia zgodnego z natur\u0105;<\/p>\n\n\n\n<p>-promowanie zielarstwa i dzia\u0142alno\u015bci proekologicznej;<\/p>\n\n\n\n<p>-organizowanie wycieczek, warsztat\u00f3w i spotka\u0144 edukacyjnych;<\/p>\n\n\n\n<p>-prowadzenie dzia\u0142alno\u015bci w\u0119dkarsko-sportowej na stawach nale\u017c\u0105cych do bazy Stowarzyszenia;<\/p>\n\n\n\n<p>-umo\u017cliwienie cz\u0142onkom korzystania z terenu Stowarzyszenia, w tym lasu i staw\u00f3w, w celach edukacyjnych i rekreacyjnych;<\/p>\n\n\n\n<p>-dbanie o czysto\u015b\u0107 i porz\u0105dek na terenie Stowarzyszenia.<\/p>\n\n\n\n<ul class=\"wp-block-list\">\n<li>Stowarzyszenie mo\u017ce prowadzi\u0107 dzia\u0142alno\u015b\u0107 gospodarcz\u0105 wy\u0142\u0105cznie na cele statutowe.<\/li>\n<\/ul>\n\n\n\n<hr class=\"wp-block-separator has-alpha-channel-opacity\"\/>\n\n\n\n<h2 class=\"wp-block-heading\"><strong>Rozdzia\u0142 II \u2013 Cz\u0142onkowie, ich prawa i obowi\u0105zki<\/strong><strong><\/strong><\/h2>\n\n\n\n<ol class=\"wp-block-list\">\n<li>Cz\u0142onkami Stowarzyszenia mog\u0105 by\u0107 osoby fizyczne, kt\u00f3re zaakceptuj\u0105 cele Stowarzyszenia i zobowi\u0105\u017c\u0105 si\u0119 do ich realizacji.<\/li>\n<\/ol>\n\n\n\n<ul class=\"wp-block-list\">\n<li>Cz\u0142onkowie Stowarzyszenia dziel\u0105 si\u0119 na:<ul><li><strong>zwyczajnych<\/strong>\u00a0\u2013 maj\u0105cych pe\u0142ne prawa cz\u0142onkowskie, w tym prawo g\u0142osu na Walnym Zebraniu;<\/li><\/ul>\n<ul class=\"wp-block-list\">\n<li><strong>honorowych<\/strong>\u00a0\u2013 osoby szczeg\u00f3lnie zas\u0142u\u017cone dla Stowarzyszenia, bez obowi\u0105zku op\u0142acania sk\u0142adek, bez prawa g\u0142osu.<\/li>\n<\/ul>\n<\/li>\n\n\n\n<li>Cz\u0142onkowie zwyczajni maj\u0105 prawo do:<ul><li>uczestniczenia w dzia\u0142alno\u015bci Stowarzyszenia i korzystania z jego bazy, staw\u00f3w oraz lasu;<\/li><\/ul><ul><li>zg\u0142aszania projekt\u00f3w i inicjatyw;<\/li><\/ul><ul><li>brania udzia\u0142u w organizowaniu spotka\u0144, wycieczek i imprez;<\/li><\/ul>\n<ul class=\"wp-block-list\">\n<li>uczestniczenia w Walnym Zebraniu i g\u0142osowania.<\/li>\n<\/ul>\n<\/li>\n\n\n\n<li>Cz\u0142onkowie zwyczajni maj\u0105 obowi\u0105zek:<ul><li>przestrzegania statutu i uchwa\u0142 organ\u00f3w Stowarzyszenia;<\/li><\/ul><ul><li>dbania o dobre imi\u0119 Stowarzyszenia;<\/li><\/ul><ul><li>utrzymywania porz\u0105dku i czysto\u015bci na terenie Stowarzyszenia;<\/li><\/ul>\n<ul class=\"wp-block-list\">\n<li>regularnego op\u0142acania sk\u0142adek cz\u0142onkowskich.<\/li>\n<\/ul>\n<\/li>\n\n\n\n<li>Cz\u0142onkowie mog\u0105 by\u0107 usuwani ze Stowarzyszenia przez Zarz\u0105d w przypadku ra\u017c\u0105cego naruszenia statutu, zasad wsp\u00f3\u0142\u017cycia spo\u0142ecznego lub zaniedbywania obowi\u0105zk\u00f3w cz\u0142onkowskich.<\/li>\n\n\n\n<li>Liczba cz\u0142onk\u00f3w zwyczajnych nie mo\u017ce by\u0107 mniejsza ni\u017c trzy osoby.<\/li>\n<\/ul>\n\n\n\n<hr class=\"wp-block-separator has-alpha-channel-opacity\"\/>\n\n\n\n<h2 class=\"wp-block-heading\"><strong>Rozdzia\u0142 III \u2013 Organy Stowarzyszenia<\/strong><strong><\/strong><\/h2>\n\n\n\n<ol class=\"wp-block-list\">\n<li>Organami Stowarzyszenia s\u0105:<ol><li><strong>Walne Zebranie Cz\u0142onk\u00f3w<\/strong>;<\/li><\/ol><ol><li><strong>Zarz\u0105d<\/strong>;<\/li><\/ol>\n<ol class=\"wp-block-list\">\n<li><strong>Skarbnik<\/strong>.<\/li>\n<\/ol>\n<\/li>\n<\/ol>\n\n\n\n<ul class=\"wp-block-list\">\n<li><strong>Walne Zebranie Cz\u0142onk\u00f3w<\/strong>:<\/li>\n<\/ul>\n\n\n\n<p>-jest najwy\u017cszym organem Stowarzyszenia;<\/p>\n\n\n\n<p>-podejmuje uchwa\u0142y w sprawach statutowych i dotycz\u0105cych ca\u0142okszta\u0142tu dzia\u0142alno\u015bci Stowarzyszenia;<\/p>\n\n\n\n<p>-wybiera Zarz\u0105d oraz podejmuje decyzje w sprawie usuni\u0119cia cz\u0142onka ze Stowarzyszenia.<\/p>\n\n\n\n<ul class=\"wp-block-list\">\n<li><strong>Zarz\u0105d<\/strong>:<\/li>\n<\/ul>\n\n\n\n<p>-pe\u0142ni funkcj\u0119 organu decyzyjnego w Stowarzyszeniu;<\/p>\n\n\n\n<p>-dba o realizacj\u0119 cel\u00f3w Stowarzyszenia;<\/p>\n\n\n\n<p>-sprawuje bie\u017c\u0105ce kierownictwo nad dzia\u0142alno\u015bci\u0105 Stowarzyszenia;<\/p>\n\n\n\n<p>-zwo\u0142uje posiedzenia Zarz\u0105du z co najmniej dwutygodniowym wyprzedzeniem;<\/p>\n\n\n\n<p>-mo\u017ce usuwa\u0107 cz\u0142onk\u00f3w Stowarzyszenia w przypadkach przewidzianych w statucie;<\/p>\n\n\n\n<p>-dba o finanse, kondycj\u0119 Stowarzyszenia oraz jego dobre imi\u0119;<\/p>\n\n\n\n<p>-odpowiada za propagowanie Stowarzyszenia i jego dzia\u0142alno\u015bci.<\/p>\n\n\n\n<p><strong>Skarbnik<\/strong>:<\/p>\n\n\n\n<ol class=\"wp-block-list\">\n<li>odpowiada za finanse Stowarzyszenia;<ol><li>prowadzi ewidencj\u0119 wp\u0142at, sk\u0142adek i wydatk\u00f3w;<\/li><\/ol>\n<ol class=\"wp-block-list\">\n<li>przedstawia sprawozdania finansowe Zarz\u0105dowi oraz Walnemu Zebraniu Cz\u0142onk\u00f3w.<\/li>\n<\/ol>\n<\/li>\n<\/ol>\n\n\n\n<hr class=\"wp-block-separator has-alpha-channel-opacity\"\/>\n\n\n\n<h2 class=\"wp-block-heading\"><strong>Rozdzia\u0142 IV \u2013 Maj\u0105tek i fundusze Stowarzyszenia<\/strong><strong><\/strong><\/h2>\n\n\n\n<ol class=\"wp-block-list\">\n<li>Maj\u0105tek Stowarzyszenia stanowi\u0105:<ol><li>sk\u0142adki cz\u0142onkowskie;<\/li><\/ol><ol><li>darowizny, spadki, zapisy;<\/li><\/ol><ol><li>\u015brodki z dzia\u0142alno\u015bci gospodarczej prowadzonej przez Stowarzyszenie wy\u0142\u0105cznie na cele statutowe;<\/li><\/ol>\n<ol class=\"wp-block-list\">\n<li>dotacje, dofinansowania i inne wp\u0142ywy zewn\u0119trzne przeznaczone na realizacj\u0119 cel\u00f3w Stowarzyszenia.<\/li>\n<\/ol>\n<\/li>\n<\/ol>\n\n\n\n<ul class=\"wp-block-list\">\n<li>Fundusze Stowarzyszenia s\u0105 wykorzystywane wy\u0142\u0105cznie na realizacj\u0119 cel\u00f3w statutowych.<\/li>\n\n\n\n<li>Zarz\u0105d, w tym Skarbnik, odpowiada za prawid\u0142owe gospodarowanie maj\u0105tkiem i funduszami Stowarzyszenia.<\/li>\n\n\n\n<li>Stowarzyszenie mo\u017ce nabywa\u0107 nieruchomo\u015bci i ruchomo\u015bci oraz nimi zarz\u0105dza\u0107 w celu prowadzenia dzia\u0142alno\u015bci statutowej.<\/li>\n\n\n\n<li>Wszystkie \u015brodki finansowe i maj\u0105tek Stowarzyszenia s\u0105 przeznaczone na cele niezarobkowe, a ich wykorzystanie podlega kontroli Zarz\u0105du i Walnego Zebrania Cz\u0142onk\u00f3w.<\/li>\n<\/ul>\n\n\n\n<hr class=\"wp-block-separator has-alpha-channel-opacity\"\/>\n\n\n\n<h2 class=\"wp-block-heading\"><strong>Rozdzia\u0142 V \u2013 Postanowienia ko\u0144cowe<\/strong><strong><\/strong><\/h2>\n\n\n\n<ol class=\"wp-block-list\">\n<li>Zmiana statutu mo\u017ce nast\u0105pi\u0107 tylko na podstawie uchwa\u0142y Walnego Zebrania Cz\u0142onk\u00f3w podj\u0119tej wi\u0119kszo\u015bci\u0105 2\/3 g\u0142os\u00f3w<\/li>\n\n\n\n<li>Rozwi\u0105zanie Stowarzyszenia mo\u017ce nast\u0105pi\u0107 na mocy uchwa\u0142y Walnego Zebrania Cz\u0142onk\u00f3w podj\u0119tej wi\u0119kszo\u015bci\u0105 3\/4 g\u0142os\u00f3w.<\/li>\n\n\n\n<li>W przypadku rozwi\u0105zania Stowarzyszenia, jego maj\u0105tek zostanie przeznaczony na cele zgodne z celami statutowymi, zgodnie z decyzj\u0105 Walnego Zebrania Cz\u0142onk\u00f3w.<\/li>\n\n\n\n<li>W sprawach nieuregulowanych niniejszym statutem maj\u0105 zastosowanie przepisy ustawy Prawo o stowarzyszeniach oraz inne obowi\u0105zuj\u0105ce przepisy prawa.<\/li>\n\n\n\n<li>Statut wchodzi w \u017cycie z dniem jego zatwierdzenia przez Walne Zebranie Cz\u0142onk\u00f3w.<\/li>\n<\/ol>\n","protected":false},"excerpt":{"rendered":"<p>Statut Stowarzyszenia&nbsp;BUSHCAMP Rozdzia\u0142 I \u2013 Postanowienia og\u00f3lne -propagowanie \u017cycia zgodnego z natur\u0105; -promowanie zielarstwa i dzia\u0142alno\u015bci proekologicznej; -organizowanie wycieczek, warsztat\u00f3w i spotka\u0144 edukacyjnych; -prowadzenie dzia\u0142alno\u015bci w\u0119dkarsko-sportowej na stawach nale\u017c\u0105cych do bazy Stowarzyszenia; -umo\u017cliwienie cz\u0142onkom korzystania z terenu Stowarzyszenia, w tym lasu i staw\u00f3w, w celach edukacyjnych i rekreacyjnych; -dbanie o czysto\u015b\u0107 i porz\u0105dek na terenie [&hellip;]<\/p>\n","protected":false},"author":1,"featured_media":0,"parent":0,"menu_order":0,"comment_status":"closed","ping_status":"closed","template":"","meta":{"footnotes":""},"class_list":["post-646","page","type-page","status-publish","hentry","entry"],"_links":{"self":[{"href":"https:\/\/bush-camp.eu\/sample-page\/wp-json\/wp\/v2\/pages\/646","targetHints":{"allow":["GET"]}}],"collection":[{"href":"https:\/\/bush-camp.eu\/sample-page\/wp-json\/wp\/v2\/pages"}],"about":[{"href":"https:\/\/bush-camp.eu\/sample-page\/wp-json\/wp\/v2\/types\/page"}],"author":[{"embeddable":true,"href":"https:\/\/bush-camp.eu\/sample-page\/wp-json\/wp\/v2\/users\/1"}],"replies":[{"embeddable":true,"href":"https:\/\/bush-camp.eu\/sample-page\/wp-json\/wp\/v2\/comments?post=646"}],"version-history":[{"count":1,"href":"https:\/\/bush-camp.eu\/sample-page\/wp-json\/wp\/v2\/pages\/646\/revisions"}],"predecessor-version":[{"id":648,"href":"https:\/\/bush-camp.eu\/sample-page\/wp-json\/wp\/v2\/pages\/646\/revisions\/648"}],"wp:attachment":[{"href":"https:\/\/bush-camp.eu\/sample-page\/wp-json\/wp\/v2\/media?parent=646"}],"curies":[{"name":"wp","href":"https:\/\/api.w.org\/{rel}","templated":true}]}}