{"id":282,"date":"2023-04-10T08:19:20","date_gmt":"2023-04-10T08:19:20","guid":{"rendered":"http:\/\/bush-camp.eu\/sample-page\/?page_id=282"},"modified":"2023-04-10T08:32:28","modified_gmt":"2023-04-10T08:32:28","slug":"kontakt","status":"publish","type":"page","link":"https:\/\/bush-camp.eu\/sample-page\/kontakt","title":{"rendered":"KONTAKT"},"content":{"rendered":"\n<p>Je\u015bli chcieliby Pa\u0144stwo skorzysta\u0107 z takiej opcji wypoczynku i\u00a0rekreacji, prosimy o\u00a0kontakt\u00a0mailowy  info@bush-camp.eu<\/p>\n","protected":false},"excerpt":{"rendered":"<p>Je\u015bli chcieliby Pa\u0144stwo skorzysta\u0107 z takiej opcji wypoczynku i\u00a0rekreacji, prosimy o\u00a0kontakt\u00a0mailowy info@bush-camp.eu<\/p>\n","protected":false},"author":1,"featured_media":0,"parent":0,"menu_order":0,"comment_status":"closed","ping_status":"closed","template":"","meta":{"footnotes":""},"class_list":["post-282","page","type-page","status-publish","hentry","entry"],"_links":{"self":[{"href":"https:\/\/bush-camp.eu\/sample-page\/wp-json\/wp\/v2\/pages\/282","targetHints":{"allow":["GET"]}}],"collection":[{"href":"https:\/\/bush-camp.eu\/sample-page\/wp-json\/wp\/v2\/pages"}],"about":[{"href":"https:\/\/bush-camp.eu\/sample-page\/wp-json\/wp\/v2\/types\/page"}],"author":[{"embeddable":true,"href":"https:\/\/bush-camp.eu\/sample-page\/wp-json\/wp\/v2\/users\/1"}],"replies":[{"embeddable":true,"href":"https:\/\/bush-camp.eu\/sample-page\/wp-json\/wp\/v2\/comments?post=282"}],"version-history":[{"count":3,"href":"https:\/\/bush-camp.eu\/sample-page\/wp-json\/wp\/v2\/pages\/282\/revisions"}],"predecessor-version":[{"id":290,"href":"https:\/\/bush-camp.eu\/sample-page\/wp-json\/wp\/v2\/pages\/282\/revisions\/290"}],"wp:attachment":[{"href":"https:\/\/bush-camp.eu\/sample-page\/wp-json\/wp\/v2\/media?parent=282"}],"curies":[{"name":"wp","href":"https:\/\/api.w.org\/{rel}","templated":true}]}}