{"id":2,"date":"2022-02-18T12:37:05","date_gmt":"2022-02-18T12:37:05","guid":{"rendered":"http:\/\/bush-camp.eu\/?page_id=2"},"modified":"2025-09-18T15:38:42","modified_gmt":"2025-09-18T15:38:42","slug":"sample-page","status":"publish","type":"page","link":"https:\/\/bush-camp.eu\/sample-page\/","title":{"rendered":"WITAJ"},"content":{"rendered":"\n<h1 class=\"wp-block-heading has-text-align-center\"><\/h1>\n\n\n\n<p class=\"has-text-align-center has-medium-font-size\">Stowarzyszenie BushCamp to przestrze\u0144 stworzona z my\u015bl\u0105 o mi\u0142o\u015bnikach przyrody, kt\u00f3rzy pragn\u0105 \u0142\u0105czy\u0107 pasj\u0119 do natury z aktywnym wypoczynkiem. Nasza baza na Kaszubach to idealne miejsce do organizacji warsztat\u00f3w, wycieczek i promowania zielarstwa. Zapraszamy do wsp\u00f3lnego odkrywania pi\u0119kna przyrody!<\/p>\n\n\n\n<p><\/p>\n\n\n\n<p><\/p>\n\n\n\n<p><\/p>\n\n\n\n<blockquote class=\"wp-block-quote is-layout-flow wp-block-quote-is-layout-flow\">\n<p><\/p>\n<\/blockquote>\n\n\n\n<div class=\"wp-block-columns is-layout-flex wp-container-core-columns-is-layout-9d6595d7 wp-block-columns-is-layout-flex\">\n<div class=\"wp-block-column is-layout-flow wp-block-column-is-layout-flow\" style=\"flex-basis:100%\"><\/div>\n<\/div>\n","protected":false},"excerpt":{"rendered":"<p>Stowarzyszenie BushCamp to przestrze\u0144 stworzona z my\u015bl\u0105 o mi\u0142o\u015bnikach przyrody, kt\u00f3rzy pragn\u0105 \u0142\u0105czy\u0107 pasj\u0119 do natury z aktywnym wypoczynkiem. Nasza baza na Kaszubach to idealne miejsce do organizacji warsztat\u00f3w, wycieczek i promowania zielarstwa. Zapraszamy do wsp\u00f3lnego odkrywania pi\u0119kna przyrody!<\/p>\n","protected":false},"author":1,"featured_media":0,"parent":0,"menu_order":0,"comment_status":"closed","ping_status":"closed","template":"","meta":{"footnotes":""},"class_list":["post-2","page","type-page","status-publish","hentry","entry"],"_links":{"self":[{"href":"https:\/\/bush-camp.eu\/sample-page\/wp-json\/wp\/v2\/pages\/2","targetHints":{"allow":["GET"]}}],"collection":[{"href":"https:\/\/bush-camp.eu\/sample-page\/wp-json\/wp\/v2\/pages"}],"about":[{"href":"https:\/\/bush-camp.eu\/sample-page\/wp-json\/wp\/v2\/types\/page"}],"author":[{"embeddable":true,"href":"https:\/\/bush-camp.eu\/sample-page\/wp-json\/wp\/v2\/users\/1"}],"replies":[{"embeddable":true,"href":"https:\/\/bush-camp.eu\/sample-page\/wp-json\/wp\/v2\/comments?post=2"}],"version-history":[{"count":14,"href":"https:\/\/bush-camp.eu\/sample-page\/wp-json\/wp\/v2\/pages\/2\/revisions"}],"predecessor-version":[{"id":685,"href":"https:\/\/bush-camp.eu\/sample-page\/wp-json\/wp\/v2\/pages\/2\/revisions\/685"}],"wp:attachment":[{"href":"https:\/\/bush-camp.eu\/sample-page\/wp-json\/wp\/v2\/media?parent=2"}],"curies":[{"name":"wp","href":"https:\/\/api.w.org\/{rel}","templated":true}]}}